{"id":299,"date":"2023-04-14T11:12:40","date_gmt":"2023-04-14T11:12:40","guid":{"rendered":"https:\/\/nikelsivaspaslanmaz.com.tr\/?page_id=299"},"modified":"2023-04-14T14:01:03","modified_gmt":"2023-04-14T14:01:03","slug":"hakkimizda","status":"publish","type":"page","link":"https:\/\/nikelsivaspaslanmaz.com.tr\/?page_id=299","title":{"rendered":"Hakk\u0131m\u0131zda"},"content":{"rendered":"\n<figure class=\"wp-block-image aligncenter size-full is-resized\"><img decoding=\"async\" loading=\"lazy\" src=\"https:\/\/nikelsivaspaslanmaz.com.tr\/wp-content\/uploads\/2023\/04\/5.jpg\" alt=\"\" class=\"wp-image-9\" width=\"659\" height=\"439\" srcset=\"https:\/\/nikelsivaspaslanmaz.com.tr\/wp-content\/uploads\/2023\/04\/5.jpg 680w, https:\/\/nikelsivaspaslanmaz.com.tr\/wp-content\/uploads\/2023\/04\/5-300x200.jpg 300w\" sizes=\"(max-width: 659px) 100vw, 659px\" \/><\/figure>\n\n\n\n<p><\/p>\n\n\n\n<p>  <\/p>\n\n\n\n<p><\/p>\n\n\n\n<p style=\"line-height:2.4\"><\/p>\n\n\n\n<p class=\"has-text-align-center\" style=\"line-height:1.7\">\u00a0Fabrikam\u0131z, 2022 y\u0131l\u0131 i\u00e7erisinde 10.000 m2 arazi ve 5000 m2 kapal\u0131 alan i\u00e7erisinde faaliyetlerine ba\u015flam\u0131\u015ft\u0131r.<\/p>\n\n\n\n<p class=\"has-large-font-size\" style=\"line-height:1.7\"><strong><em>\u00a0Faaliyetlerimiz:<\/em><\/strong><\/p>\n\n\n\n<ul>\n<li style=\"line-height:1.7\">Lazer paslanmaz sac kesim i\u015fleri,<\/li>\n\n\n\n<li style=\"line-height:1.7\">Plaka sac, rulo sac, boru, profil, \u00e7ubuk, lama, k\u00f6\u015febent sat\u0131\u015f\u0131.<\/li>\n<\/ul>\n\n\n\n<p style=\"line-height:1.7\"><strong><em>NOT:\u00a02023 y\u0131l\u0131 i\u00e7erisinde Boru-Profil \u00fcretim hatt\u0131m\u0131z hizmete girecektir.<\/em><\/strong><\/p>\n","protected":false},"excerpt":{"rendered":"<p>\u00a0Fabrikam\u0131z, 2022 y\u0131l\u0131 i\u00e7erisinde 10.000 m2 arazi ve 5000 m2 kapal\u0131 alan i\u00e7erisinde faaliyetlerine ba\u015flam\u0131\u015ft\u0131r. [&hellip;]<\/p>\n","protected":false},"author":1,"featured_media":0,"parent":0,"menu_order":0,"comment_status":"closed","ping_status":"closed","template":"","meta":[],"_links":{"self":[{"href":"https:\/\/nikelsivaspaslanmaz.com.tr\/index.php?rest_route=\/wp\/v2\/pages\/299"}],"collection":[{"href":"https:\/\/nikelsivaspaslanmaz.com.tr\/index.php?rest_route=\/wp\/v2\/pages"}],"about":[{"href":"https:\/\/nikelsivaspaslanmaz.com.tr\/index.php?rest_route=\/wp\/v2\/types\/page"}],"author":[{"embeddable":true,"href":"https:\/\/nikelsivaspaslanmaz.com.tr\/index.php?rest_route=\/wp\/v2\/users\/1"}],"replies":[{"embeddable":true,"href":"https:\/\/nikelsivaspaslanmaz.com.tr\/index.php?rest_route=%2Fwp%2Fv2%2Fcomments&post=299"}],"version-history":[{"count":18,"href":"https:\/\/nikelsivaspaslanmaz.com.tr\/index.php?rest_route=\/wp\/v2\/pages\/299\/revisions"}],"predecessor-version":[{"id":400,"href":"https:\/\/nikelsivaspaslanmaz.com.tr\/index.php?rest_route=\/wp\/v2\/pages\/299\/revisions\/400"}],"wp:attachment":[{"href":"https:\/\/nikelsivaspaslanmaz.com.tr\/index.php?rest_route=%2Fwp%2Fv2%2Fmedia&parent=299"}],"curies":[{"name":"wp","href":"https:\/\/api.w.org\/{rel}","templated":true}]}}