{"id":303,"date":"2023-04-14T11:14:37","date_gmt":"2023-04-14T11:14:37","guid":{"rendered":"https:\/\/nikelsivaspaslanmaz.com.tr\/?page_id=303"},"modified":"2023-04-14T13:20:44","modified_gmt":"2023-04-14T13:20:44","slug":"iletisim","status":"publish","type":"page","link":"https:\/\/nikelsivaspaslanmaz.com.tr\/?page_id=303","title":{"rendered":"\u0130leti\u015fim"},"content":{"rendered":"\n<p><\/p>\n\n\n\n<div class=\"wp-block-cover has-small-font-size\" style=\"padding-top:0;padding-right:0;padding-bottom:0;padding-left:0;line-height:1.3;min-height:640px\"><span aria-hidden=\"true\" class=\"wp-block-cover__background has-background-dim\"><\/span><img decoding=\"async\" loading=\"lazy\" width=\"1360\" height=\"907\" class=\"wp-block-cover__image-background wp-image-319\" alt=\"\" src=\"https:\/\/nikelsivaspaslanmaz.com.tr\/wp-content\/uploads\/2023\/04\/12-1.jpg\" style=\"object-position:39% 34%\" data-object-fit=\"cover\" data-object-position=\"39% 34%\" srcset=\"https:\/\/nikelsivaspaslanmaz.com.tr\/wp-content\/uploads\/2023\/04\/12-1.jpg 1360w, https:\/\/nikelsivaspaslanmaz.com.tr\/wp-content\/uploads\/2023\/04\/12-1-300x200.jpg 300w, https:\/\/nikelsivaspaslanmaz.com.tr\/wp-content\/uploads\/2023\/04\/12-1-1024x683.jpg 1024w, https:\/\/nikelsivaspaslanmaz.com.tr\/wp-content\/uploads\/2023\/04\/12-1-768x512.jpg 768w\" sizes=\"(max-width: 1360px) 100vw, 1360px\" \/><div class=\"wp-block-cover__inner-container\">\n<p class=\"has-text-align-left has-large-font-size\"><em>Adres<\/em>:<\/p>\n\n\n\n<p class=\"has-text-align-left has-extra-small-font-size\">Ahmet Turangazi, OSB Mah. OSB 3. K\u0131s\u0131m 18. Sok D:No: 23, 58070 Merkez\/Sivas<\/p>\n\n\n\n<p>\u00d6zkan K\u00dc\u00c7\u00dcKEMRE<\/p>\n\n\n\n<p>ozkan@nikel.com.tr<\/p>\n\n\n\n<p>Hatice BAYR\u0130<\/p>\n\n\n\n<p>sivasmuhasebe@nikel.com.tr<\/p>\n\n\n\n<p>(0346) 502 62 88<\/p>\n<\/div><\/div>\n","protected":false},"excerpt":{"rendered":"","protected":false},"author":1,"featured_media":0,"parent":0,"menu_order":3,"comment_status":"closed","ping_status":"closed","template":"","meta":[],"_links":{"self":[{"href":"https:\/\/nikelsivaspaslanmaz.com.tr\/index.php?rest_route=\/wp\/v2\/pages\/303"}],"collection":[{"href":"https:\/\/nikelsivaspaslanmaz.com.tr\/index.php?rest_route=\/wp\/v2\/pages"}],"about":[{"href":"https:\/\/nikelsivaspaslanmaz.com.tr\/index.php?rest_route=\/wp\/v2\/types\/page"}],"author":[{"embeddable":true,"href":"https:\/\/nikelsivaspaslanmaz.com.tr\/index.php?rest_route=\/wp\/v2\/users\/1"}],"replies":[{"embeddable":true,"href":"https:\/\/nikelsivaspaslanmaz.com.tr\/index.php?rest_route=%2Fwp%2Fv2%2Fcomments&post=303"}],"version-history":[{"count":30,"href":"https:\/\/nikelsivaspaslanmaz.com.tr\/index.php?rest_route=\/wp\/v2\/pages\/303\/revisions"}],"predecessor-version":[{"id":382,"href":"https:\/\/nikelsivaspaslanmaz.com.tr\/index.php?rest_route=\/wp\/v2\/pages\/303\/revisions\/382"}],"wp:attachment":[{"href":"https:\/\/nikelsivaspaslanmaz.com.tr\/index.php?rest_route=%2Fwp%2Fv2%2Fmedia&parent=303"}],"curies":[{"name":"wp","href":"https:\/\/api.w.org\/{rel}","templated":true}]}}